{"id":9829,"date":"2024-10-19T14:09:19","date_gmt":"2024-10-19T14:09:19","guid":{"rendered":"http:\/\/ivanleedesign.com\/?page_id=9829"},"modified":"2024-10-24T18:35:38","modified_gmt":"2024-10-24T18:35:38","slug":"cours-de-dessin-a-amiens","status":"publish","type":"page","link":"https:\/\/ivanleedesign.com\/index.php\/cours-de-dessin-a-amiens\/","title":{"rendered":"Cours de dessin \u00e0 Amiens"},"content":{"rendered":"\t\t<div data-elementor-type=\"wp-page\" data-elementor-id=\"9829\" class=\"elementor elementor-9829\">\n\t\t\t\t\t\t\t\t\t<section class=\"elementor-section elementor-top-section elementor-element elementor-element-62f1dbd elementor-section-boxed elementor-section-height-default elementor-section-height-default qodef-elementor-content-no qodef-elementor-stretch-row-no qodef-elementor-overlay-no\" data-id=\"62f1dbd\" data-element_type=\"section\">\n\t\t\t\t\t\t<div class=\"elementor-container elementor-column-gap-default\">\n\t\t\t\t\t<div class=\"elementor-column elementor-col-100 elementor-top-column elementor-element elementor-element-7f25f67\" data-id=\"7f25f67\" data-element_type=\"column\">\n\t\t\t<div class=\"elementor-widget-wrap elementor-element-populated\">\n\t\t\t\t\t\t\t\t<div class=\"elementor-element elementor-element-a48a6b8 elementor-widget elementor-widget-image\" data-id=\"a48a6b8\" data-element_type=\"widget\" data-widget_type=\"image.default\">\n\t\t\t\t<div class=\"elementor-widget-container\">\n\t\t\t<style>\/*! elementor - v3.11.3 - 07-03-2023 *\/\n.elementor-widget-image{text-align:center}.elementor-widget-image a{display:inline-block}.elementor-widget-image a img[src$=\".svg\"]{width:48px}.elementor-widget-image img{vertical-align:middle;display:inline-block}<\/style>\t\t\t\t\t\t\t\t\t\t\t\t<img decoding=\"async\" width=\"724\" height=\"1024\" src=\"https:\/\/ivanleedesign.com\/wp-content\/uploads\/2024\/10\/1-724x1024.png\" class=\"attachment-large size-large wp-image-9831\" alt=\"\" loading=\"lazy\" srcset=\"https:\/\/ivanleedesign.com\/wp-content\/uploads\/2024\/10\/1-724x1024.png 724w, https:\/\/ivanleedesign.com\/wp-content\/uploads\/2024\/10\/1-212x300.png 212w, https:\/\/ivanleedesign.com\/wp-content\/uploads\/2024\/10\/1-768x1086.png 768w, https:\/\/ivanleedesign.com\/wp-content\/uploads\/2024\/10\/1-1086x1536.png 1086w, https:\/\/ivanleedesign.com\/wp-content\/uploads\/2024\/10\/1-600x849.png 600w, https:\/\/ivanleedesign.com\/wp-content\/uploads\/2024\/10\/1.png 1414w\" sizes=\"(max-width: 724px) 100vw, 724px\" \/>\t\t\t\t\t\t\t\t\t\t\t\t\t\t\t<\/div>\n\t\t\t\t<\/div>\n\t\t\t\t\t<\/div>\n\t\t<\/div>\n\t\t\t\t\t\t\t<\/div>\n\t\t<\/section>\n\t\t\t\t<section class=\"elementor-section elementor-top-section elementor-element elementor-element-530d938 elementor-section-boxed elementor-section-height-default elementor-section-height-default qodef-elementor-content-no qodef-elementor-stretch-row-no qodef-elementor-overlay-no\" data-id=\"530d938\" data-element_type=\"section\">\n\t\t\t\t\t\t<div class=\"elementor-container elementor-column-gap-default\">\n\t\t\t\t\t<div class=\"elementor-column elementor-col-100 elementor-top-column elementor-element elementor-element-2d095be\" data-id=\"2d095be\" data-element_type=\"column\">\n\t\t\t<div class=\"elementor-widget-wrap elementor-element-populated\">\n\t\t\t\t\t\t\t\t<div class=\"elementor-element elementor-element-df9df1f elementor-widget elementor-widget-text-editor\" data-id=\"df9df1f\" data-element_type=\"widget\" data-widget_type=\"text-editor.default\">\n\t\t\t\t<div class=\"elementor-widget-container\">\n\t\t\t<style>\/*! elementor - v3.11.3 - 07-03-2023 *\/\n.elementor-widget-text-editor.elementor-drop-cap-view-stacked .elementor-drop-cap{background-color:#818a91;color:#fff}.elementor-widget-text-editor.elementor-drop-cap-view-framed .elementor-drop-cap{color:#818a91;border:3px solid;background-color:transparent}.elementor-widget-text-editor:not(.elementor-drop-cap-view-default) .elementor-drop-cap{margin-top:8px}.elementor-widget-text-editor:not(.elementor-drop-cap-view-default) .elementor-drop-cap-letter{width:1em;height:1em}.elementor-widget-text-editor .elementor-drop-cap{float:left;text-align:center;line-height:1;font-size:50px}.elementor-widget-text-editor .elementor-drop-cap-letter{display:inline-block}<\/style>\t\t\t\t<h2>Envie de ma\u00eetriser le dessin classique tout en d\u00e9couvrant les outils modernes ?<\/h2>\t\t\t\t\t\t<\/div>\n\t\t\t\t<\/div>\n\t\t\t\t\t<\/div>\n\t\t<\/div>\n\t\t\t\t\t\t\t<\/div>\n\t\t<\/section>\n\t\t\t\t<section class=\"elementor-section elementor-top-section elementor-element elementor-element-9500916 elementor-section-boxed elementor-section-height-default elementor-section-height-default qodef-elementor-content-no qodef-elementor-stretch-row-no qodef-elementor-overlay-no\" data-id=\"9500916\" data-element_type=\"section\">\n\t\t\t\t\t\t<div class=\"elementor-container elementor-column-gap-default\">\n\t\t\t\t\t<div class=\"elementor-column elementor-col-100 elementor-top-column elementor-element elementor-element-c91599f\" data-id=\"c91599f\" data-element_type=\"column\">\n\t\t\t<div class=\"elementor-widget-wrap elementor-element-populated\">\n\t\t\t\t\t\t\t\t<div class=\"elementor-element elementor-element-3fc3578 elementor-widget elementor-widget-text-editor\" data-id=\"3fc3578\" data-element_type=\"widget\" data-widget_type=\"text-editor.default\">\n\t\t\t\t<div class=\"elementor-widget-container\">\n\t\t\t\t\t\t\t<p><span class=\"OYPEnA font-feature-liga-off font-feature-clig-off font-feature-calt-off text-decoration-none text-strikethrough-none\" style=\"color: #3f3f3f; font-kerning: none;\">Je propose des cours particuliers pour vous aider \u00e0 progresser dans diff\u00e9rentes techniques artistiques, de l&#8217;acad\u00e9mique au digital.<\/span><\/p>\t\t\t\t\t\t<\/div>\n\t\t\t\t<\/div>\n\t\t\t\t\t<\/div>\n\t\t<\/div>\n\t\t\t\t\t\t\t<\/div>\n\t\t<\/section>\n\t\t\t\t<section class=\"elementor-section elementor-top-section elementor-element elementor-element-226fb43 elementor-section-boxed elementor-section-height-default elementor-section-height-default qodef-elementor-content-no qodef-elementor-stretch-row-no qodef-elementor-overlay-no\" data-id=\"226fb43\" data-element_type=\"section\">\n\t\t\t\t\t\t<div class=\"elementor-container elementor-column-gap-default\">\n\t\t\t\t\t<div class=\"elementor-column elementor-col-100 elementor-top-column elementor-element elementor-element-dc86612\" data-id=\"dc86612\" data-element_type=\"column\">\n\t\t\t<div class=\"elementor-widget-wrap elementor-element-populated\">\n\t\t\t\t\t\t\t\t<div class=\"elementor-element elementor-element-1a6ee84 elementor-arrows-position-inside elementor-pagination-position-outside elementor-widget elementor-widget-image-carousel\" data-id=\"1a6ee84\" data-element_type=\"widget\" data-settings=\"{&quot;slides_to_show&quot;:&quot;5&quot;,&quot;autoplay_speed&quot;:2500,&quot;navigation&quot;:&quot;both&quot;,&quot;autoplay&quot;:&quot;yes&quot;,&quot;pause_on_hover&quot;:&quot;yes&quot;,&quot;pause_on_interaction&quot;:&quot;yes&quot;,&quot;infinite&quot;:&quot;yes&quot;,&quot;speed&quot;:500}\" data-widget_type=\"image-carousel.default\">\n\t\t\t\t<div class=\"elementor-widget-container\">\n\t\t\t<style>\/*! elementor - v3.11.3 - 07-03-2023 *\/\n.elementor-widget-image-carousel .swiper,.elementor-widget-image-carousel .swiper-container{position:static}.elementor-widget-image-carousel .swiper-container .swiper-slide figure,.elementor-widget-image-carousel .swiper .swiper-slide figure{line-height:inherit}.elementor-widget-image-carousel .swiper-slide{text-align:center}.elementor-image-carousel-wrapper:not(.swiper-container-initialized) .swiper-slide,.elementor-image-carousel-wrapper:not(.swiper-initialized) .swiper-slide{max-width:calc(100% \/ var(--e-image-carousel-slides-to-show, 3))}<\/style>\t\t<div class=\"elementor-image-carousel-wrapper swiper-container\" dir=\"ltr\">\n\t\t\t<div class=\"elementor-image-carousel swiper-wrapper\">\n\t\t\t\t\t\t\t\t<div class=\"swiper-slide\"><figure class=\"swiper-slide-inner\"><img decoding=\"async\" class=\"swiper-slide-image\" src=\"https:\/\/ivanleedesign.com\/wp-content\/uploads\/elementor\/thumbs\/Star-Sentinel-qvwd623dbw0yvxi3a3fo2f92ex8q200rehvbr4rans.png\" alt=\"Star Sentinel\" \/><\/figure><\/div><div class=\"swiper-slide\"><figure class=\"swiper-slide-inner\"><img decoding=\"async\" class=\"swiper-slide-image\" src=\"https:\/\/ivanleedesign.com\/wp-content\/uploads\/elementor\/thumbs\/IMG_20240918_170502-Enhanced-SR-6WEB-qvwd90b4s62dbv7t1vcie6g5jgp77sqfh3l6zedt4o.jpg\" alt=\"IMG_20240918_170502-Enhanced-SR-6WEB\" \/><\/figure><\/div><div class=\"swiper-slide\"><figure class=\"swiper-slide-inner\"><img decoding=\"async\" class=\"swiper-slide-image\" src=\"https:\/\/ivanleedesign.com\/wp-content\/uploads\/elementor\/thumbs\/49-qvwd9udyuv7jne0468cklyuwjsky241u98gqc957lk.png\" alt=\"49\" \/><\/figure><\/div><div class=\"swiper-slide\"><figure class=\"swiper-slide-inner\"><img decoding=\"async\" class=\"swiper-slide-image\" src=\"https:\/\/ivanleedesign.com\/wp-content\/uploads\/elementor\/thumbs\/50-qvwdaqchb8fam4pozm5vyqskqw7fbtkppmn8nnttq0.png\" alt=\"50\" \/><\/figure><\/div><div class=\"swiper-slide\"><figure class=\"swiper-slide-inner\"><img decoding=\"async\" class=\"swiper-slide-image\" src=\"https:\/\/ivanleedesign.com\/wp-content\/uploads\/elementor\/thumbs\/Huntress-qvwdazqv7ks5u8c1gq85nof6oqx3gsm12x63gffvzs.png\" alt=\"Huntress\" \/><\/figure><\/div><div class=\"swiper-slide\"><figure class=\"swiper-slide-inner\"><img decoding=\"async\" class=\"swiper-slide-image\" src=\"https:\/\/ivanleedesign.com\/wp-content\/uploads\/elementor\/thumbs\/gsdgh-qw1jfmycnjgjqx9vema9sal2vaalwopg0171tubu0o.png\" alt=\"gsdgh\" \/><\/figure><\/div><div class=\"swiper-slide\"><figure class=\"swiper-slide-inner\"><img decoding=\"async\" class=\"swiper-slide-image\" src=\"https:\/\/ivanleedesign.com\/wp-content\/uploads\/elementor\/thumbs\/htjrjkirky-qw1jbcstipliuvhserngfdhhg3eeubpgqu7f4goed4.png\" alt=\"htjrjkirky\" \/><\/figure><\/div><div class=\"swiper-slide\"><figure class=\"swiper-slide-inner\"><img decoding=\"async\" class=\"swiper-slide-image\" src=\"https:\/\/ivanleedesign.com\/wp-content\/uploads\/elementor\/thumbs\/hfdhd-qw1javvq3oyd1w6d5kc66hr6r5pszruaoigohhdhh4.png\" alt=\"hfdhd\" \/><\/figure><\/div><div class=\"swiper-slide\"><figure class=\"swiper-slide-inner\"><img decoding=\"async\" class=\"swiper-slide-image\" src=\"https:\/\/ivanleedesign.com\/wp-content\/uploads\/elementor\/thumbs\/hdrhdrh-1024x785-1-qw1jalji0ik7i6ldtxv9x2d47x4rn3p8z3ac7fstdk.png\" alt=\"hdrhdrh-1024x785\" \/><\/figure><\/div><div class=\"swiper-slide\"><figure class=\"swiper-slide-inner\"><img decoding=\"async\" class=\"swiper-slide-image\" src=\"https:\/\/ivanleedesign.com\/wp-content\/uploads\/elementor\/thumbs\/Capture-qw1jac54467ca2z1ctt084qia2f3i4nxlsrheo6r3s.png\" alt=\"Capture\" \/><\/figure><\/div><div class=\"swiper-slide\"><figure class=\"swiper-slide-inner\"><img decoding=\"async\" class=\"swiper-slide-image\" src=\"https:\/\/ivanleedesign.com\/wp-content\/uploads\/elementor\/thumbs\/io-936x1024-1-qw1j8somwy3f937lcnu0n0qb8c0fvzjrq69u3cgzaw.png\" alt=\"io-936x1024\" \/><\/figure><\/div><div class=\"swiper-slide\"><figure class=\"swiper-slide-inner\"><img decoding=\"async\" class=\"swiper-slide-image\" src=\"https:\/\/ivanleedesign.com\/wp-content\/uploads\/elementor\/thumbs\/img493-scaled-qw1j7twlw2rtbim3zqstkri992ruz6pp9e4vc3wjp4.jpg\" alt=\"img493\" \/><\/figure><\/div><div class=\"swiper-slide\"><figure class=\"swiper-slide-inner\"><img decoding=\"async\" class=\"swiper-slide-image\" src=\"https:\/\/ivanleedesign.com\/wp-content\/uploads\/elementor\/thumbs\/img497-scaled-qw1jdhvl34j1awdtwoyv3u1a5ouidi7gdfp8h5i46w.jpg\" alt=\"img497\" \/><\/figure><\/div><div class=\"swiper-slide\"><figure class=\"swiper-slide-inner\"><img decoding=\"async\" class=\"swiper-slide-image\" src=\"https:\/\/ivanleedesign.com\/wp-content\/uploads\/elementor\/thumbs\/1452-qw1jettcrocnr0g74rou4zxsgca8a2hrk0yzy9j1dk.png\" alt=\"1452\" \/><\/figure><\/div>\t\t\t<\/div>\n\t\t\t\t\t\t\t\t\t\t\t\t<div class=\"swiper-pagination\"><\/div>\n\t\t\t\t\t\t\t\t\t\t\t\t\t<div class=\"elementor-swiper-button elementor-swiper-button-prev\">\n\t\t\t\t\t\t<i aria-hidden=\"true\" class=\"eicon-chevron-left\"><\/i>\t\t\t\t\t\t<span class=\"elementor-screen-only\">Previous<\/span>\n\t\t\t\t\t<\/div>\n\t\t\t\t\t<div class=\"elementor-swiper-button elementor-swiper-button-next\">\n\t\t\t\t\t\t<i aria-hidden=\"true\" class=\"eicon-chevron-right\"><\/i>\t\t\t\t\t\t<span class=\"elementor-screen-only\">Next<\/span>\n\t\t\t\t\t<\/div>\n\t\t\t\t\t\t\t\t\t<\/div>\n\t\t\t\t<\/div>\n\t\t\t\t<\/div>\n\t\t\t\t\t<\/div>\n\t\t<\/div>\n\t\t\t\t\t\t\t<\/div>\n\t\t<\/section>\n\t\t\t\t<section class=\"elementor-section elementor-top-section elementor-element elementor-element-cc87d1e elementor-section-boxed elementor-section-height-default elementor-section-height-default qodef-elementor-content-no qodef-elementor-stretch-row-no qodef-elementor-overlay-no\" data-id=\"cc87d1e\" data-element_type=\"section\">\n\t\t\t\t\t\t<div class=\"elementor-container elementor-column-gap-default\">\n\t\t\t\t\t<div class=\"elementor-column elementor-col-100 elementor-top-column elementor-element elementor-element-a5ab4d4\" data-id=\"a5ab4d4\" data-element_type=\"column\">\n\t\t\t<div class=\"elementor-widget-wrap elementor-element-populated\">\n\t\t\t\t\t\t\t\t<section class=\"elementor-section elementor-inner-section elementor-element elementor-element-ee84c2f elementor-section-boxed elementor-section-height-default elementor-section-height-default qodef-elementor-content-no qodef-elementor-stretch-row-no qodef-elementor-overlay-no\" data-id=\"ee84c2f\" data-element_type=\"section\">\n\t\t\t\t\t\t<div class=\"elementor-container elementor-column-gap-default\">\n\t\t\t\t\t<div class=\"elementor-column elementor-col-50 elementor-inner-column elementor-element elementor-element-af5de4e\" data-id=\"af5de4e\" data-element_type=\"column\">\n\t\t\t<div class=\"elementor-widget-wrap elementor-element-populated\">\n\t\t\t\t\t\t\t\t<div class=\"elementor-element elementor-element-cd8ea9b elementor-widget elementor-widget-text-editor\" data-id=\"cd8ea9b\" data-element_type=\"widget\" data-widget_type=\"text-editor.default\">\n\t\t\t\t<div class=\"elementor-widget-container\">\n\t\t\t\t\t\t\t<h4><span class=\"OYPEnA font-feature-liga-off font-feature-clig-off font-feature-calt-off text-decoration-none text-strikethrough-none\">Dessin Acad\u00e9mique<\/span><\/h4><p><span class=\"OYPEnA font-feature-liga-off font-feature-clig-off font-feature-calt-off text-decoration-none text-strikethrough-none\">Perspective<\/span><\/p><p><span class=\"OYPEnA font-feature-liga-off font-feature-clig-off font-feature-calt-off text-decoration-none text-strikethrough-none\">Proportions et Morphologie<\/span><\/p><p><span class=\"OYPEnA font-feature-liga-off font-feature-clig-off font-feature-calt-off text-decoration-none text-strikethrough-none\">Ombres et Composition<\/span><\/p><p><span class=\"OYPEnA font-feature-liga-off font-feature-clig-off font-feature-calt-off text-decoration-none text-strikethrough-none\">Crayon et Fusain<\/span><\/p><p><span class=\"OYPEnA font-feature-liga-off font-feature-clig-off font-feature-calt-off text-decoration-none text-strikethrough-none\">Utilisation du Nombre d&#8217;or<\/span><\/p><p><span class=\"OYPEnA font-feature-liga-off font-feature-clig-off font-feature-calt-off text-decoration-none text-strikethrough-none\">Histoire de l&#8217;Art<\/span><\/p>\t\t\t\t\t\t<\/div>\n\t\t\t\t<\/div>\n\t\t\t\t\t<\/div>\n\t\t<\/div>\n\t\t\t\t<div class=\"elementor-column elementor-col-50 elementor-inner-column elementor-element elementor-element-e1b846f\" data-id=\"e1b846f\" data-element_type=\"column\">\n\t\t\t<div class=\"elementor-widget-wrap elementor-element-populated\">\n\t\t\t\t\t\t\t\t<div class=\"elementor-element elementor-element-4522c7c elementor-widget elementor-widget-text-editor\" data-id=\"4522c7c\" data-element_type=\"widget\" data-widget_type=\"text-editor.default\">\n\t\t\t\t<div class=\"elementor-widget-container\">\n\t\t\t\t\t\t\t<h4 class=\"cvGsUA direction-ltr align-start para-style-body\"><span class=\"OYPEnA font-feature-liga-off font-feature-clig-off font-feature-calt-off text-decoration-none text-strikethrough-none\">Bonus : Disciplines modernes<\/span><\/h4><p class=\"cvGsUA direction-ltr align-start para-style-body\"><span class=\"OYPEnA font-feature-liga-off font-feature-clig-off font-feature-calt-off text-decoration-none text-strikethrough-none\">Peinture num\u00e9rique (Photoshop et autres)<\/span><\/p><p class=\"cvGsUA direction-ltr align-start para-style-body\"><span class=\"OYPEnA font-feature-liga-off font-feature-clig-off font-feature-calt-off text-decoration-none text-strikethrough-none\">Mod\u00e9lisation et animation 3D<\/span><\/p><p class=\"cvGsUA direction-ltr align-start para-style-body\"><span class=\"OYPEnA font-feature-liga-off font-feature-clig-off font-feature-calt-off text-decoration-none text-strikethrough-none\">Montage vid\u00e9o<\/span><\/p><p class=\"cvGsUA direction-ltr align-start para-style-body\"><span class=\"OYPEnA font-feature-liga-off font-feature-clig-off font-feature-calt-off text-decoration-none text-strikethrough-none\">Photographie<\/span><\/p><p class=\"cvGsUA direction-ltr align-start para-style-body\"><span class=\"OYPEnA font-feature-liga-off font-feature-clig-off font-feature-calt-off text-decoration-none text-strikethrough-none\">Game Design<\/span><\/p><p class=\"cvGsUA direction-ltr align-start para-style-body\"><span class=\"OYPEnA font-feature-liga-off font-feature-clig-off font-feature-calt-off text-decoration-none text-strikethrough-none\">Programmation de jeux vid\u00e9o (Unreal Engine 5)<\/span><\/p>\t\t\t\t\t\t<\/div>\n\t\t\t\t<\/div>\n\t\t\t\t\t<\/div>\n\t\t<\/div>\n\t\t\t\t\t\t\t<\/div>\n\t\t<\/section>\n\t\t\t\t\t<\/div>\n\t\t<\/div>\n\t\t\t\t\t\t\t<\/div>\n\t\t<\/section>\n\t\t\t\t<section class=\"elementor-section elementor-top-section elementor-element elementor-element-905d551 elementor-section-boxed elementor-section-height-default elementor-section-height-default qodef-elementor-content-no qodef-elementor-stretch-row-no qodef-elementor-overlay-no\" data-id=\"905d551\" data-element_type=\"section\">\n\t\t\t\t\t\t<div class=\"elementor-container elementor-column-gap-default\">\n\t\t\t\t\t<div class=\"elementor-column elementor-col-100 elementor-top-column elementor-element elementor-element-6256ded\" data-id=\"6256ded\" data-element_type=\"column\">\n\t\t\t<div class=\"elementor-widget-wrap elementor-element-populated\">\n\t\t\t\t\t\t\t\t<div class=\"elementor-element elementor-element-9f74a9d elementor-widget elementor-widget-text-editor\" data-id=\"9f74a9d\" data-element_type=\"widget\" data-widget_type=\"text-editor.default\">\n\t\t\t\t<div class=\"elementor-widget-container\">\n\t\t\t\t\t\t\t<h4><span class=\"OYPEnA font-feature-liga-off font-feature-clig-off font-feature-calt-off text-decoration-none text-strikethrough-none\" style=\"font-weight: bold; font-kerning: none;\">Mon parcours :<\/span><\/h4><p><span class=\"OYPEnA font-feature-liga-off font-feature-clig-off font-feature-calt-off text-decoration-none text-strikethrough-none\" style=\"font-kerning: none;\">Je m&#8217;appelle Ivan Lee, dipl\u00f4m\u00e9 de l&#8217;Institut Sup\u00e9rieur des Arts Appliqu\u00e9s de Paris. Depuis 2017, j&#8217;ai enseign\u00e9 dans diverses \u00e9coles sp\u00e9cialis\u00e9es en jeux vid\u00e9o\/Animation, o\u00f9 j&#8217;ai \u00e9galement occup\u00e9 le poste de responsable p\u00e9dagogique. J&#8217;ai con\u00e7u et coordonn\u00e9 les programmes p\u00e9dagogiques pour former les cr\u00e9ateurs de demain. Mon exp\u00e9rience me permet de transmettre non seulement les bases techniques, mais aussi de vous initier aux outils et comp\u00e9tences modernes du monde de la cr\u00e9ation digitale.<\/span><\/p>\t\t\t\t\t\t<\/div>\n\t\t\t\t<\/div>\n\t\t\t\t\t<\/div>\n\t\t<\/div>\n\t\t\t\t\t\t\t<\/div>\n\t\t<\/section>\n\t\t\t\t<section class=\"elementor-section elementor-top-section elementor-element elementor-element-e8cb4b5 elementor-section-boxed elementor-section-height-default elementor-section-height-default qodef-elementor-content-no qodef-elementor-stretch-row-no qodef-elementor-overlay-no\" data-id=\"e8cb4b5\" data-element_type=\"section\">\n\t\t\t\t\t\t<div class=\"elementor-container elementor-column-gap-default\">\n\t\t\t\t\t<div class=\"elementor-column elementor-col-100 elementor-top-column elementor-element elementor-element-d5f7dc2\" data-id=\"d5f7dc2\" data-element_type=\"column\">\n\t\t\t<div class=\"elementor-widget-wrap elementor-element-populated\">\n\t\t\t\t\t\t\t\t<div class=\"elementor-element elementor-element-f9a2ba3 elementor-widget elementor-widget-zermatt_core_icon_list_item\" data-id=\"f9a2ba3\" data-element_type=\"widget\" data-widget_type=\"zermatt_core_icon_list_item.default\">\n\t\t\t\t<div class=\"elementor-widget-container\">\n\t\t\t<div class=\"qodef-icon-list-item qodef-icon--icon-pack\" >\n\t<p class=\"qodef-e-title\" >\n\t\t\t\t\t<span class=\"qodef-e-title-inner\">\n\t\t\t\t<span class=\"qodef-shortcode qodef-m  qodef-icon-holder  qodef-layout--normal\"  >\t        <span class=\"qodef-icon-dripicons dripicons-checkmark qodef-icon qodef-e\" style=\"font-size: 24px\" ><\/span>    <\/span>\t\t\t\t<span class=\"qodef-e-title-text\">Cours personnalis\u00e9s adapt\u00e9s \u00e0 vos besoins<\/span>\n\t\t\t<\/span>\n\t\t\t<\/p>\n<\/div>\t\t<\/div>\n\t\t\t\t<\/div>\n\t\t\t\t<div class=\"elementor-element elementor-element-749c4f3 elementor-widget elementor-widget-zermatt_core_icon_list_item\" data-id=\"749c4f3\" data-element_type=\"widget\" data-widget_type=\"zermatt_core_icon_list_item.default\">\n\t\t\t\t<div class=\"elementor-widget-container\">\n\t\t\t<div class=\"qodef-icon-list-item qodef-icon--icon-pack\" >\n\t<p class=\"qodef-e-title\" >\n\t\t\t\t\t<span class=\"qodef-e-title-inner\">\n\t\t\t\t<span class=\"qodef-shortcode qodef-m  qodef-icon-holder  qodef-layout--normal\"  >\t        <span class=\"qodef-icon-dripicons dripicons-checkmark qodef-icon qodef-e\" style=\"font-size: 24px\" ><\/span>    <\/span>\t\t\t\t<span class=\"qodef-e-title-text\">Techniques classiques et modernes<\/span>\n\t\t\t<\/span>\n\t\t\t<\/p>\n<\/div>\t\t<\/div>\n\t\t\t\t<\/div>\n\t\t\t\t<div class=\"elementor-element elementor-element-1f51607 elementor-widget elementor-widget-zermatt_core_icon_list_item\" data-id=\"1f51607\" data-element_type=\"widget\" data-widget_type=\"zermatt_core_icon_list_item.default\">\n\t\t\t\t<div class=\"elementor-widget-container\">\n\t\t\t<div class=\"qodef-icon-list-item qodef-icon--icon-pack\" >\n\t<p class=\"qodef-e-title\" >\n\t\t\t\t\t<span class=\"qodef-e-title-inner\">\n\t\t\t\t<span class=\"qodef-shortcode qodef-m  qodef-icon-holder  qodef-layout--normal\"  >\t        <span class=\"qodef-icon-dripicons dripicons-checkmark qodef-icon qodef-e\" style=\"font-size: 24px\" ><\/span>    <\/span>\t\t\t\t<span class=\"qodef-e-title-text\">Suivi p\u00e9dagogique individuel<\/span>\n\t\t\t<\/span>\n\t\t\t<\/p>\n<\/div>\t\t<\/div>\n\t\t\t\t<\/div>\n\t\t\t\t<div class=\"elementor-element elementor-element-7ce1999 elementor-widget elementor-widget-zermatt_core_icon_list_item\" data-id=\"7ce1999\" data-element_type=\"widget\" data-widget_type=\"zermatt_core_icon_list_item.default\">\n\t\t\t\t<div class=\"elementor-widget-container\">\n\t\t\t<div class=\"qodef-icon-list-item qodef-icon--icon-pack\" >\n\t<p class=\"qodef-e-title\" >\n\t\t\t\t\t<span class=\"qodef-e-title-inner\">\n\t\t\t\t<span class=\"qodef-shortcode qodef-m  qodef-icon-holder  qodef-layout--normal\"  >\t        <span class=\"qodef-icon-dripicons dripicons-checkmark qodef-icon qodef-e\" style=\"font-size: 24px\" ><\/span>    <\/span>\t\t\t\t<span class=\"qodef-e-title-text\">Exp\u00e9rience dans l&#039;enseignement et la coordination p\u00e9dagogique depuis plus de 6 ans<\/span>\n\t\t\t<\/span>\n\t\t\t<\/p>\n<\/div>\t\t<\/div>\n\t\t\t\t<\/div>\n\t\t\t\t\t<\/div>\n\t\t<\/div>\n\t\t\t\t\t\t\t<\/div>\n\t\t<\/section>\n\t\t\t\t\t\t\t<\/div>\n\t\t","protected":false},"excerpt":{"rendered":"<p>Envie de ma\u00eetriser le dessin classique tout en d\u00e9couvrant les outils modernes ? Je propose des cours particuliers pour vous aider \u00e0 progresser dans diff\u00e9rentes techniques artistiques, de l&#8217;acad\u00e9mique au digital. Previous Next Dessin Acad\u00e9mique Perspective Proportions et Morphologie Ombres et Composition Crayon et Fusain Utilisation du Nombre d&#8217;or Histoire de l&#8217;Art Bonus : Disciplines [&hellip;]<\/p>\n","protected":false},"author":1,"featured_media":0,"parent":0,"menu_order":0,"comment_status":"closed","ping_status":"closed","template":"","meta":{"om_disable_all_campaigns":false,"_monsterinsights_skip_tracking":false,"_monsterinsights_sitenote_active":false,"_monsterinsights_sitenote_note":"","_monsterinsights_sitenote_category":0},"aioseo_notices":[],"_links":{"self":[{"href":"https:\/\/ivanleedesign.com\/index.php\/wp-json\/wp\/v2\/pages\/9829"}],"collection":[{"href":"https:\/\/ivanleedesign.com\/index.php\/wp-json\/wp\/v2\/pages"}],"about":[{"href":"https:\/\/ivanleedesign.com\/index.php\/wp-json\/wp\/v2\/types\/page"}],"author":[{"embeddable":true,"href":"https:\/\/ivanleedesign.com\/index.php\/wp-json\/wp\/v2\/users\/1"}],"replies":[{"embeddable":true,"href":"https:\/\/ivanleedesign.com\/index.php\/wp-json\/wp\/v2\/comments?post=9829"}],"version-history":[{"count":37,"href":"https:\/\/ivanleedesign.com\/index.php\/wp-json\/wp\/v2\/pages\/9829\/revisions"}],"predecessor-version":[{"id":9892,"href":"https:\/\/ivanleedesign.com\/index.php\/wp-json\/wp\/v2\/pages\/9829\/revisions\/9892"}],"wp:attachment":[{"href":"https:\/\/ivanleedesign.com\/index.php\/wp-json\/wp\/v2\/media?parent=9829"}],"curies":[{"name":"wp","href":"https:\/\/api.w.org\/{rel}","templated":true}]}}